{"id":1950,"date":"2026-01-19T19:03:30","date_gmt":"2026-01-19T19:03:30","guid":{"rendered":"https:\/\/protectcenter.ma\/?page_id=1950"},"modified":"2026-01-22T19:25:18","modified_gmt":"2026-01-22T19:25:18","slug":"elementor-1950","status":"publish","type":"page","link":"https:\/\/protectcenter.ma\/fr\/","title":{"rendered":"Accueil \u2013 Temporaire"},"content":{"rendered":"<div data-elementor-type=\"wp-page\" data-elementor-id=\"1950\" class=\"elementor elementor-1950\" data-elementor-post-type=\"page\">\n\t\t\t\t<div class=\"elementor-element elementor-element-49f1c3e e-con-full e-grid elementor-hidden-tablet elementor-hidden-mobile e-con e-parent\" data-id=\"49f1c3e\" data-element_type=\"container\" data-e-type=\"container\">\n\t\t<div class=\"elementor-element elementor-element-1790cd2 e-flex e-con-boxed e-con e-child\" data-id=\"1790cd2\" data-element_type=\"container\" data-e-type=\"container\" data-settings=\"{&quot;background_background&quot;:&quot;classic&quot;}\">\n\t\t\t\t\t<div class=\"e-con-inner\">\n\t\t\t\t<div class=\"elementor-element elementor-element-80d4ecd content-align-cta-center elementor-widget elementor-widget-eael-cta-box\" data-id=\"80d4ecd\" data-element_type=\"widget\" data-e-type=\"widget\" data-widget_type=\"eael-cta-box.default\">\n\t\t\t\t\t\t\t<div class=\"eael-call-to-action cta-basic bg-lite cta-preset-1\">\n        <h2 class=\"title eael-cta-heading\">Bienvenue chez Protect \u2013 Centre d'esth\u00e9tique automobile<\/h2><p>Nous proposons des services haut de gamme d'entretien et de protection automobile, con\u00e7us pour pr\u00e9server et sublimer l'apparence de votre v\u00e9hicule. De l'esth\u00e9tique professionnelle (detailing) au traitement c\u00e9ramique, en passant par le PPF (film de protection de carrosserie) et le wrapping, nous associons des produits de qualit\u00e9 sup\u00e9rieure \u00e0 un savoir-faire expert pour garantir des r\u00e9sultats impeccables et durables.<\/p><a href=\"#\" class=\"cta-button cta-preset-1\">Bient\u00f4t disponible...<\/a>\t<\/div>\n\t\t\t\t\t\t\t\t<\/div>\n\t\t\t\t\t<\/div>\n\t\t\t\t<\/div>\n\t\t\t\t<\/div>\n\t\t<div class=\"elementor-element elementor-element-756bf60 elementor-hidden-desktop e-flex e-con-boxed e-con e-parent\" data-id=\"756bf60\" data-element_type=\"container\" data-e-type=\"container\" data-settings=\"{&quot;background_background&quot;:&quot;classic&quot;}\">\n\t\t\t\t\t<div class=\"e-con-inner\">\n\t\t\t\t<div class=\"elementor-element elementor-element-b1943c6 content-align-cta-center elementor-widget elementor-widget-eael-cta-box\" data-id=\"b1943c6\" data-element_type=\"widget\" data-e-type=\"widget\" data-widget_type=\"eael-cta-box.default\">\n\t\t\t\t\t\t\t<div class=\"eael-call-to-action cta-basic bg-lite cta-preset-1\">\n        <h2 class=\"title eael-cta-heading\">Bienvenue chez Protect \u2013 Centre d'esth\u00e9tique automobile<\/h2><p>Nous proposons des services haut de gamme d'entretien et de protection automobile, con\u00e7us pour pr\u00e9server et sublimer l'apparence de votre v\u00e9hicule. De l'esth\u00e9tique professionnelle (detailing) au traitement c\u00e9ramique, en passant par le PPF (film de protection de carrosserie) et le wrapping, nous associons des produits de qualit\u00e9 sup\u00e9rieure \u00e0 un savoir-faire expert pour garantir des r\u00e9sultats impeccables et durables.<\/p><a href=\"#\" class=\"cta-button cta-preset-1\">Bient\u00f4t disponible...<\/a>\t<\/div>\n\t\t\t\t\t\t\t\t<\/div>\n\t\t\t\t\t<\/div>\n\t\t\t\t<\/div>\n\t\t\t\t<\/div>","protected":false},"excerpt":{"rendered":"<p>Welcome to protect car care center We offer high-end automotive care and protection services designed to preserve and enhance your vehicle\u2019s appearance. From professional detailing and ceramic coating to PPF and wrapping, we combine quality products with expert craftsmanship to deliver flawless and long-lasting results. Coming soon&#8230; Welcome to protect car care center We offer [&hellip;]<\/p>\n","protected":false},"author":1,"featured_media":0,"parent":0,"menu_order":0,"comment_status":"closed","ping_status":"closed","template":"","meta":{"footnotes":""},"class_list":["post-1950","page","type-page","status-publish","hentry"],"_hostinger_reach_plugin_has_subscription_block":false,"_hostinger_reach_plugin_is_elementor":false,"_links":{"self":[{"href":"https:\/\/protectcenter.ma\/fr\/wp-json\/wp\/v2\/pages\/1950","targetHints":{"allow":["GET"]}}],"collection":[{"href":"https:\/\/protectcenter.ma\/fr\/wp-json\/wp\/v2\/pages"}],"about":[{"href":"https:\/\/protectcenter.ma\/fr\/wp-json\/wp\/v2\/types\/page"}],"author":[{"embeddable":true,"href":"https:\/\/protectcenter.ma\/fr\/wp-json\/wp\/v2\/users\/1"}],"replies":[{"embeddable":true,"href":"https:\/\/protectcenter.ma\/fr\/wp-json\/wp\/v2\/comments?post=1950"}],"version-history":[{"count":81,"href":"https:\/\/protectcenter.ma\/fr\/wp-json\/wp\/v2\/pages\/1950\/revisions"}],"predecessor-version":[{"id":2126,"href":"https:\/\/protectcenter.ma\/fr\/wp-json\/wp\/v2\/pages\/1950\/revisions\/2126"}],"wp:attachment":[{"href":"https:\/\/protectcenter.ma\/fr\/wp-json\/wp\/v2\/media?parent=1950"}],"curies":[{"name":"wp","href":"https:\/\/api.w.org\/{rel}","templated":true}]}}